{"id":3437,"date":"2024-12-11T13:22:14","date_gmt":"2024-12-11T13:22:14","guid":{"rendered":"https:\/\/portalcanoaquebrada.com.br\/es\/?page_id=3437"},"modified":"2024-12-11T13:28:32","modified_gmt":"2024-12-11T13:28:32","slug":"terminos-de-uso-portal-canoa-quebrada","status":"publish","type":"page","link":"https:\/\/portalcanoaquebrada.com.br\/es\/terminos-de-uso-portal-canoa-quebrada\/","title":{"rendered":"T\u00e9rminos de Uso &#8211; Portal Canoa Quebrada"},"content":{"rendered":"\t\t<div data-elementor-type=\"wp-page\" data-elementor-id=\"3437\" class=\"elementor elementor-3437\" data-elementor-post-type=\"page\">\n\t\t\t\t\t\t<section class=\"elementor-section elementor-top-section elementor-element elementor-element-47bd1cf elementor-section-boxed elementor-section-height-default elementor-section-height-default\" data-id=\"47bd1cf\" data-element_type=\"section\">\n\t\t\t\t\t\t<div class=\"elementor-container elementor-column-gap-default\">\n\t\t\t\t\t<div class=\"elementor-column elementor-col-100 elementor-top-column elementor-element elementor-element-5c42092\" data-id=\"5c42092\" data-element_type=\"column\">\n\t\t\t<div class=\"elementor-widget-wrap elementor-element-populated\">\n\t\t\t\t\t\t<div class=\"elementor-element elementor-element-036ce9a elementor-hidden-mobile elementor-widget elementor-widget-heading\" data-id=\"036ce9a\" data-element_type=\"widget\" data-widget_type=\"heading.default\">\n\t\t\t\t<div class=\"elementor-widget-container\">\n\t\t\t\t\t<h1 class=\"elementor-heading-title elementor-size-default\">Portal Canoa Quebrada <\/h1>\t\t\t\t<\/div>\n\t\t\t\t<\/div>\n\t\t\t\t<div class=\"elementor-element elementor-element-aa8b95a elementor-view-stacked elementor-widget__width-auto elementor-fixed elementor-shape-circle elementor-widget elementor-widget-icon\" data-id=\"aa8b95a\" data-element_type=\"widget\" data-settings=\"{&quot;_position&quot;:&quot;fixed&quot;}\" data-widget_type=\"icon.default\">\n\t\t\t\t<div class=\"elementor-widget-container\">\n\t\t\t\t\t\t\t<div class=\"elementor-icon-wrapper\">\n\t\t\t<a class=\"elementor-icon elementor-animation-pop\" href=\"https:\/\/api.whatsapp.com\/send?phone=5588994873164&#038;text=Portal%20Canoa%20Quebrada%20Asistencia%20al%20Viajero\" target=\"_blank\" rel=\"noopener\">\n\t\t\t<i aria-hidden=\"true\" class=\"fab fa-whatsapp\"><\/i>\t\t\t<\/a>\n\t\t<\/div>\n\t\t\t\t\t\t<\/div>\n\t\t\t\t<\/div>\n\t\t\t\t<div class=\"elementor-element elementor-element-25bb8e6 elementor-hidden-desktop elementor-hidden-tablet elementor-widget elementor-widget-heading\" data-id=\"25bb8e6\" data-element_type=\"widget\" data-widget_type=\"heading.default\">\n\t\t\t\t<div class=\"elementor-widget-container\">\n\t\t\t\t\t<h1 class=\"elementor-heading-title elementor-size-default\">Portal Canoa Quebrada<\/h1>\t\t\t\t<\/div>\n\t\t\t\t<\/div>\n\t\t\t\t<div class=\"elementor-element elementor-element-fe45ff6 elementor-widget elementor-widget-heading\" data-id=\"fe45ff6\" data-element_type=\"widget\" data-widget_type=\"heading.default\">\n\t\t\t\t<div class=\"elementor-widget-container\">\n\t\t\t\t\t<h2 class=\"elementor-heading-title elementor-size-default\">T\u00e9rminos de Uso<\/h2>\t\t\t\t<\/div>\n\t\t\t\t<\/div>\n\t\t\t\t<div class=\"elementor-element elementor-element-e2b6b85 elementor-widget elementor-widget-text-editor\" data-id=\"e2b6b85\" data-element_type=\"widget\" data-widget_type=\"text-editor.default\">\n\t\t\t\t<div class=\"elementor-widget-container\">\n\t\t\t\t\t\t\t\t\t<p><strong>PORTAL CANOA QUEBRADA<\/strong> inici\u00f3 sus actividades de divulgaci\u00f3n de la Playa de Canoa Quebrada con anunciantes (Prestadores de Servicios Tur\u00edsticos) el 20 de julio de 2004. La informaci\u00f3n publicada en el Portal es de total responsabilidad de los anunciantes y\/o establecimientos.<\/p><p><strong>Sobre los Servicios Tur\u00edsticos<\/strong><\/p><p>El Portal de Canoa Quebrada ofrece informaci\u00f3n sobre precios o disponibilidad de servicios anunciados especificamente en su versi\u00f3n en espa\u00f1ol.<\/p><p><strong>En cuanto a Anuncios de Inmuebles<\/strong><\/p><p>Portal Canoa Quebrada no se hace responsable de los valores de las propiedades ni proporciona informaci\u00f3n distinta a la publicada por el anunciante, ya que Portal Jericoacoara no es una agencia inmobiliaria.<\/p><p><strong>Comisiones<\/strong><\/p><p>El Portal de Canoa Quebrada cobra comisiones a los prestadores de servicios por las gestiones realizadas a trav\u00e9s del Portal especificamente en su versi\u00f3n en espa\u00f1ol.<\/p>\t\t\t\t\t\t\t\t<\/div>\n\t\t\t\t<\/div>\n\t\t\t\t<div class=\"elementor-element elementor-element-844763c elementor-widget-divider--view-line elementor-widget elementor-widget-divider\" data-id=\"844763c\" data-element_type=\"widget\" data-widget_type=\"divider.default\">\n\t\t\t\t<div class=\"elementor-widget-container\">\n\t\t\t\t\t\t\t<div class=\"elementor-divider\">\n\t\t\t<span class=\"elementor-divider-separator\">\n\t\t\t\t\t\t<\/span>\n\t\t<\/div>\n\t\t\t\t\t\t<\/div>\n\t\t\t\t<\/div>\n\t\t\t\t\t<\/div>\n\t\t<\/div>\n\t\t\t\t\t<\/div>\n\t\t<\/section>\n\t\t<div class=\"elementor-element elementor-element-5414ccf e-flex e-con-boxed e-con e-parent\" data-id=\"5414ccf\" data-element_type=\"container\">\n\t\t\t\t\t<div class=\"e-con-inner\">\n\t\t\t\t<div class=\"elementor-element elementor-element-bd35249 elementor-widget elementor-widget-html\" data-id=\"bd35249\" data-element_type=\"widget\" data-widget_type=\"html.default\">\n\t\t\t\t<div class=\"elementor-widget-container\">\n\t\t\t\t\t<center>\r\n    <script async src=\"https:\/\/pagead2.googlesyndication.com\/pagead\/js\/adsbygoogle.js?client=ca-pub-7754099820783062\"\r\n     crossorigin=\"anonymous\"><\/script>\r\n<!-- topo index jericoacoara -->\r\n<ins class=\"adsbygoogle\"\r\n     style=\"display:inline-block;width:728px;height:90px\"\r\n     data-ad-client=\"ca-pub-7754099820783062\"\r\n     data-ad-slot=\"9975786386\"><\/ins>\r\n<script>\r\n     (adsbygoogle = window.adsbygoogle || []).push({});\r\n<\/script>\r\n<\/center>\t\t\t\t<\/div>\n\t\t\t\t<\/div>\n\t\t\t\t\t<\/div>\n\t\t\t\t<\/div>\n\t\t\t\t<\/div>\n\t\t","protected":false},"excerpt":{"rendered":"<p>Portal Canoa Quebrada Portal Canoa Quebrada T\u00e9rminos de Uso PORTAL CANOA QUEBRADA inici\u00f3 sus actividades de divulgaci\u00f3n de la Playa de Canoa Quebrada con anunciantes (Prestadores de Servicios Tur\u00edsticos) el [&hellip;]<\/p>\n","protected":false},"author":1,"featured_media":3220,"parent":0,"menu_order":0,"comment_status":"closed","ping_status":"closed","template":"elementor_header_footer","meta":{"footnotes":""},"class_list":["post-3437","page","type-page","status-publish","has-post-thumbnail","hentry","rishi-post"],"rishi__cb_customizer_meta":{"page_title_panel":"","page_title_hero_section":"default","breadcrumbs_single_page":"no","single_page_alignment":"left","single_page_margin":{"desktop":50,"tablet":30,"mobile":30},"cd744139402bdcaa5645120e224460ef":"","page_structure_type":"default-sidebar","0af24d88fc35dea133943dd0b0c72a4e":"","content_style_source":"inherit","content_style":"box-layout","blog_page_streched_ed":"no","vertical_spacing_source":"custom","content_area_spacing":"none","single_page_content_background":{"background_type":"color","background_pattern":"type-1","background_image":{"attachment_id":null,"x":0,"y":0},"gradient":"linear-gradient(135deg,rgba(6,147,227,1) 0%,rgb(155,81,224) 100%)","background_repeat":"no-repeat","background_size":"auto","background_attachment":"scroll","patternColor":{"default":{"color":"#e5e7ea"}},"overlayColor":{"default":{"color":"CT_CSS_SKIP_RULE"}},"backgroundColor":{"default":{"color":"var(--paletteColor5)"}}},"single_page_content_boxed_shadow":{"inherit":false,"blur":18,"spread":-6,"v_offset":12,"h_offset":0,"inset":false,"enable":false,"color":{"color":"rgba(34, 56, 101, 0.04)"}},"single_page_boxed_content_spacing":{"top":"40px","bottom":"40px","left":"40px","right":"40px","linked":true},"single_page_content_boxed_radius":{"top":"3px","bottom":"3px","left":"3px","right":"3px","linked":true},"2ab8743c85c4a24ab95f564d6e6e2576":"","disable_featured_image":"no","disable_comments":"no","disable_header":"no","disable_footer":"no"},"_links":{"self":[{"href":"https:\/\/portalcanoaquebrada.com.br\/es\/wp-json\/wp\/v2\/pages\/3437","targetHints":{"allow":["GET"]}}],"collection":[{"href":"https:\/\/portalcanoaquebrada.com.br\/es\/wp-json\/wp\/v2\/pages"}],"about":[{"href":"https:\/\/portalcanoaquebrada.com.br\/es\/wp-json\/wp\/v2\/types\/page"}],"author":[{"embeddable":true,"href":"https:\/\/portalcanoaquebrada.com.br\/es\/wp-json\/wp\/v2\/users\/1"}],"replies":[{"embeddable":true,"href":"https:\/\/portalcanoaquebrada.com.br\/es\/wp-json\/wp\/v2\/comments?post=3437"}],"version-history":[{"count":7,"href":"https:\/\/portalcanoaquebrada.com.br\/es\/wp-json\/wp\/v2\/pages\/3437\/revisions"}],"predecessor-version":[{"id":3445,"href":"https:\/\/portalcanoaquebrada.com.br\/es\/wp-json\/wp\/v2\/pages\/3437\/revisions\/3445"}],"wp:featuredmedia":[{"embeddable":true,"href":"https:\/\/portalcanoaquebrada.com.br\/es\/wp-json\/wp\/v2\/media\/3220"}],"wp:attachment":[{"href":"https:\/\/portalcanoaquebrada.com.br\/es\/wp-json\/wp\/v2\/media?parent=3437"}],"curies":[{"name":"wp","href":"https:\/\/api.w.org\/{rel}","templated":true}]}}